{"id":1248,"date":"2025-11-17T14:24:46","date_gmt":"2025-11-17T14:24:46","guid":{"rendered":"https:\/\/em3dstudio.de\/?page_id=1248"},"modified":"2025-11-17T14:24:47","modified_gmt":"2025-11-17T14:24:47","slug":"disclaimer","status":"publish","type":"page","link":"https:\/\/em3dstudio.de\/en\/disclaimer\/","title":{"rendered":"Disclaimer"},"content":{"rendered":"<h1 class=\"wp-block-heading\"><strong>Disclaimer<\/strong><\/h1>\n\n\n\n<h2 class=\"wp-block-heading\"><strong>1. Content and Availability<\/strong><\/h2>\n\n\n\n<p>The content of my website and offerings is created with the utmost care and regularly reviewed.<\/p>\n\n\n\n<p>Nevertheless, I assume <strong>no liability<\/strong> for the accuracy, completeness, or timeliness of the provided information, files, and downloads.<\/p>\n\n\n\n<p>I expressly reserve the right to modify content <strong>at any time without prior notice, to add, modify, or remove.<\/strong>.<\/p>\n\n\n\n<h2 class=\"wp-block-heading\"><strong>2. Liability for Digital Products<\/strong><\/h2>\n\n\n\n<p>All digital 3D models and resources are <strong>as is<\/strong> provided.<\/p>\n\n\n\n<p>I assume no liability for:<\/p>\n\n\n\n<ol class=\"wp-block-list\">\n<li>compatibility issues with specific software or hardware,<\/li>\n\n\n\n<li>malfunctions or technical errors,<\/li>\n\n\n\n<li>as well as direct or indirect consequential damages that may result from the use of the files.<\/li>\n<\/ol>\n\n\n\n<p>The responsibility for the proper use of the products lies with the buyer.<\/p>\n\n\n\n<h2 class=\"wp-block-heading\"><strong>3. External Links<\/strong><\/h2>\n\n\n\n<p>My online offering may contain links to external third-party websites over whose content I have no influence.<\/p>\n\n\n\n<p>For this third-party content, I assume no responsibility <strong>no liability<\/strong>.<\/p>\n\n\n\n<p>At the time the links were created, the pages were checked for possible legal violations; <strong>Unlawful content was not identifiable<\/strong>.<\/p>\n\n\n\n<p>A permanent content review of linked pages, however, is not feasible without concrete indications of a legal violation <strong>not reasonable<\/strong>.<\/p>\n\n\n\n<p>Upon becoming aware of corresponding legal violations, such links are removed immediately.<\/p>\n\n\n\n<h2 class=\"wp-block-heading\"><strong>4. Copyright<\/strong><\/h2>\n\n\n\n<p>All content created by me \u2013 in particular <strong>3D models, textures, images, videos, and texts<\/strong> \u2013 are subject to <strong>German copyright law<\/strong>.<\/p>\n\n\n\n<p>Any kind of <strong>reproduction, editing, distribution, or passing on<\/strong> outside the licensed use requires my <strong>written consent<\/strong>.<\/p>\n\n\n\n<p>Downloads and copies of this site are only for the <strong>private or licensed use<\/strong> permitted.<\/p>\n\n\n\n<h2 class=\"wp-block-heading\"><strong>5. Individual Services<\/strong><\/h2>\n\n\n\n<p>Individual customizations, special orders, and commissioned work are created to the best of our knowledge and in close consultation with the customer.<\/p>\n\n\n\n<p>I accept no liability for <strong>errors or deviations<\/strong>, which are due to <strong>incomplete, ambiguous, or incorrect briefings<\/strong> that can be attributed to the client.<\/p>\n\n\n\n<h2 class=\"wp-block-heading\"><strong>6. No Legal Advice<\/strong><\/h2>\n\n\n\n<p>All provided information \u2013 in particular regarding licenses, usage rights, or platform terms \u2013 does not constitute <strong>legal advice<\/strong> represents.<\/p>\n\n\n\n<p>For legal questions, a <strong>qualified legal advisor<\/strong> be consulted.<\/p>","protected":false},"excerpt":{"rendered":"<p>Haftungsausschluss (Disclaimer) 1. Inhalte und Verf\u00fcgbarkeit Die Inhalte meiner Website und Angebote werden mit gr\u00f6\u00dfter Sorgfalt erstellt und regelm\u00e4\u00dfig \u00fcberpr\u00fcft. Dennoch \u00fcbernehme ich keine Gew\u00e4hr f\u00fcr die Richtigkeit, Vollst\u00e4ndigkeit oder [&hellip;]<\/p>\n","protected":false},"author":1,"featured_media":0,"parent":0,"menu_order":0,"comment_status":"closed","ping_status":"closed","template":"page-with-title","meta":{"_EventAllDay":false,"_EventTimezone":"","_EventStartDate":"","_EventEndDate":"","_EventStartDateUTC":"","_EventEndDateUTC":"","_EventShowMap":false,"_EventShowMapLink":false,"_EventURL":"","_EventCost":"","_EventCostDescription":"","_EventCurrencySymbol":"","_EventCurrencyCode":"","_EventCurrencyPosition":"","_EventDateTimeSeparator":"","_EventTimeRangeSeparator":"","_EventOrganizerID":[],"_EventVenueID":[],"_OrganizerEmail":"","_OrganizerPhone":"","_OrganizerWebsite":"","_VenueAddress":"","_VenueCity":"","_VenueCountry":"","_VenueProvince":"","_VenueState":"","_VenueZip":"","_VenuePhone":"","_VenueURL":"","_VenueStateProvince":"","_VenueLat":"","_VenueLng":"","_VenueShowMap":false,"_VenueShowMapLink":false,"footnotes":""},"class_list":["post-1248","page","type-page","status-publish","hentry"],"_links":{"self":[{"href":"https:\/\/em3dstudio.de\/en\/wp-json\/wp\/v2\/pages\/1248","targetHints":{"allow":["GET"]}}],"collection":[{"href":"https:\/\/em3dstudio.de\/en\/wp-json\/wp\/v2\/pages"}],"about":[{"href":"https:\/\/em3dstudio.de\/en\/wp-json\/wp\/v2\/types\/page"}],"author":[{"embeddable":true,"href":"https:\/\/em3dstudio.de\/en\/wp-json\/wp\/v2\/users\/1"}],"replies":[{"embeddable":true,"href":"https:\/\/em3dstudio.de\/en\/wp-json\/wp\/v2\/comments?post=1248"}],"version-history":[{"count":1,"href":"https:\/\/em3dstudio.de\/en\/wp-json\/wp\/v2\/pages\/1248\/revisions"}],"predecessor-version":[{"id":1249,"href":"https:\/\/em3dstudio.de\/en\/wp-json\/wp\/v2\/pages\/1248\/revisions\/1249"}],"wp:attachment":[{"href":"https:\/\/em3dstudio.de\/en\/wp-json\/wp\/v2\/media?parent=1248"}],"curies":[{"name":"wp","href":"https:\/\/api.w.org\/{rel}","templated":true}]}}