{"id":238,"date":"2025-11-04T14:33:05","date_gmt":"2025-11-04T14:33:05","guid":{"rendered":"https:\/\/em3dstudio.de\/?page_id=238"},"modified":"2025-11-04T15:39:08","modified_gmt":"2025-11-04T15:39:08","slug":"unsere-projekte","status":"publish","type":"page","link":"https:\/\/em3dstudio.de\/en\/unsere-projekte\/","title":{"rendered":"Our Projects"},"content":{"rendered":"<h2 class=\"wp-block-heading\">Here you can find all our projects!<\/h2>\n\n\n\n<p>Our projects reflect our passion for 3D design and digital creativity.<br>Here you can find everything we develop, design, and publish \u2013 neatly sorted by categories.<\/p>\n\n\n\n<div class=\"wp-block-group has-global-padding is-layout-constrained wp-block-group-is-layout-constrained\">\n<div class=\"wp-block-columns is-layout-flex wp-container-core-columns-is-layout-28f84493 wp-block-columns-is-layout-flex\">\n<div class=\"wp-block-column is-layout-flow wp-block-column-is-layout-flow\">\n<div class=\"wp-block-cover\"><img loading=\"lazy\" decoding=\"async\" width=\"1024\" height=\"1024\" class=\"wp-block-cover__image-background wp-image-271\" alt=\"\" src=\"https:\/\/em3dstudio.de\/wp-content\/uploads\/2025\/11\/image-1.jpg\" data-object-fit=\"cover\" srcset=\"https:\/\/em3dstudio.de\/wp-content\/uploads\/2025\/11\/image-1.jpg 1024w, https:\/\/em3dstudio.de\/wp-content\/uploads\/2025\/11\/image-1-300x300.jpg 300w, https:\/\/em3dstudio.de\/wp-content\/uploads\/2025\/11\/image-1-150x150.jpg 150w, https:\/\/em3dstudio.de\/wp-content\/uploads\/2025\/11\/image-1-768x768.jpg 768w, https:\/\/em3dstudio.de\/wp-content\/uploads\/2025\/11\/image-1-12x12.jpg 12w\" sizes=\"auto, (max-width: 1024px) 100vw, 1024px\" \/><span aria-hidden=\"true\" class=\"wp-block-cover__background has-background-dim\"><\/span><div class=\"wp-block-cover__inner-container is-layout-flow wp-block-cover-is-layout-flow\">\n<p class=\"has-text-align-center has-large-font-size\"><strong><a href=\"https:\/\/em3dstudio.de\/en\/3d-modelle\/\" data-type=\"page\" data-id=\"294\">3D Models<\/a><\/strong><\/p>\n<\/div><\/div>\n<\/div>\n\n\n\n<div class=\"wp-block-column is-layout-flow wp-block-column-is-layout-flow\">\n<div class=\"wp-block-cover\"><img loading=\"lazy\" decoding=\"async\" width=\"1024\" height=\"1024\" class=\"wp-block-cover__image-background wp-image-273\" alt=\"\" src=\"https:\/\/em3dstudio.de\/wp-content\/uploads\/2025\/11\/image-2.jpg\" data-object-fit=\"cover\" srcset=\"https:\/\/em3dstudio.de\/wp-content\/uploads\/2025\/11\/image-2.jpg 1024w, https:\/\/em3dstudio.de\/wp-content\/uploads\/2025\/11\/image-2-300x300.jpg 300w, https:\/\/em3dstudio.de\/wp-content\/uploads\/2025\/11\/image-2-150x150.jpg 150w, https:\/\/em3dstudio.de\/wp-content\/uploads\/2025\/11\/image-2-768x768.jpg 768w, https:\/\/em3dstudio.de\/wp-content\/uploads\/2025\/11\/image-2-12x12.jpg 12w\" sizes=\"auto, (max-width: 1024px) 100vw, 1024px\" \/><span aria-hidden=\"true\" class=\"wp-block-cover__background has-background-dim\"><\/span><div class=\"wp-block-cover__inner-container is-layout-flow wp-block-cover-is-layout-flow\">\n<p class=\"has-text-align-center has-large-font-size\"><a href=\"https:\/\/em3dstudio.de\/en\/pbr\/\" data-type=\"page\" data-id=\"318\">PBR<\/a><\/p>\n<\/div><\/div>\n<\/div>\n\n\n\n<div class=\"wp-block-column is-layout-flow wp-block-column-is-layout-flow\">\n<div class=\"wp-block-cover\"><img loading=\"lazy\" decoding=\"async\" width=\"1024\" height=\"1024\" class=\"wp-block-cover__image-background wp-image-275\" alt=\"\" src=\"https:\/\/em3dstudio.de\/wp-content\/uploads\/2025\/11\/image-3.jpg\" data-object-fit=\"cover\" srcset=\"https:\/\/em3dstudio.de\/wp-content\/uploads\/2025\/11\/image-3.jpg 1024w, https:\/\/em3dstudio.de\/wp-content\/uploads\/2025\/11\/image-3-300x300.jpg 300w, https:\/\/em3dstudio.de\/wp-content\/uploads\/2025\/11\/image-3-150x150.jpg 150w, https:\/\/em3dstudio.de\/wp-content\/uploads\/2025\/11\/image-3-768x768.jpg 768w, https:\/\/em3dstudio.de\/wp-content\/uploads\/2025\/11\/image-3-12x12.jpg 12w\" sizes=\"auto, (max-width: 1024px) 100vw, 1024px\" \/><span aria-hidden=\"true\" class=\"wp-block-cover__background has-background-dim\"><\/span><div class=\"wp-block-cover__inner-container is-layout-flow wp-block-cover-is-layout-flow\">\n<p class=\"has-text-align-center has-large-font-size\"><a href=\"https:\/\/em3dstudio.de\/en\/programme\/\" data-type=\"page\" data-id=\"331\">Programs<\/a><\/p>\n<\/div><\/div>\n<\/div>\n<\/div>\n\n\n\n<div class=\"wp-block-columns is-layout-flex wp-container-core-columns-is-layout-28f84493 wp-block-columns-is-layout-flex\">\n<div class=\"wp-block-column is-layout-flow wp-block-column-is-layout-flow\">\n<div class=\"wp-block-cover\"><img loading=\"lazy\" decoding=\"async\" width=\"1024\" height=\"1024\" class=\"wp-block-cover__image-background wp-image-277\" alt=\"\" src=\"https:\/\/em3dstudio.de\/wp-content\/uploads\/2025\/11\/image-4.jpg\" data-object-fit=\"cover\" srcset=\"https:\/\/em3dstudio.de\/wp-content\/uploads\/2025\/11\/image-4.jpg 1024w, https:\/\/em3dstudio.de\/wp-content\/uploads\/2025\/11\/image-4-300x300.jpg 300w, https:\/\/em3dstudio.de\/wp-content\/uploads\/2025\/11\/image-4-150x150.jpg 150w, https:\/\/em3dstudio.de\/wp-content\/uploads\/2025\/11\/image-4-768x768.jpg 768w, https:\/\/em3dstudio.de\/wp-content\/uploads\/2025\/11\/image-4-12x12.jpg 12w\" sizes=\"auto, (max-width: 1024px) 100vw, 1024px\" \/><span aria-hidden=\"true\" class=\"wp-block-cover__background has-background-dim\"><\/span><div class=\"wp-block-cover__inner-container is-layout-flow wp-block-cover-is-layout-flow\">\n<p class=\"has-text-align-center has-large-font-size\"><a href=\"https:\/\/em3dstudio.de\/en\/plugin\/\" data-type=\"page\" data-id=\"335\">Plug-in<\/a><\/p>\n<\/div><\/div>\n<\/div>\n\n\n\n<div class=\"wp-block-column is-layout-flow wp-block-column-is-layout-flow\">\n<div class=\"wp-block-cover\"><img loading=\"lazy\" decoding=\"async\" width=\"1024\" height=\"1024\" class=\"wp-block-cover__image-background wp-image-279\" alt=\"\" src=\"https:\/\/em3dstudio.de\/wp-content\/uploads\/2025\/11\/image-5.jpg\" data-object-fit=\"cover\" srcset=\"https:\/\/em3dstudio.de\/wp-content\/uploads\/2025\/11\/image-5.jpg 1024w, https:\/\/em3dstudio.de\/wp-content\/uploads\/2025\/11\/image-5-300x300.jpg 300w, https:\/\/em3dstudio.de\/wp-content\/uploads\/2025\/11\/image-5-150x150.jpg 150w, https:\/\/em3dstudio.de\/wp-content\/uploads\/2025\/11\/image-5-768x768.jpg 768w, https:\/\/em3dstudio.de\/wp-content\/uploads\/2025\/11\/image-5-12x12.jpg 12w\" sizes=\"auto, (max-width: 1024px) 100vw, 1024px\" \/><span aria-hidden=\"true\" class=\"wp-block-cover__background has-background-dim\"><\/span><div class=\"wp-block-cover__inner-container is-layout-flow wp-block-cover-is-layout-flow\">\n<p class=\"has-text-align-center has-large-font-size\"><a href=\"https:\/\/em3dstudio.de\/en\/spiele\/\" data-type=\"page\" data-id=\"339\">Games<\/a><\/p>\n<\/div><\/div>\n<\/div>\n\n\n\n<div class=\"wp-block-column is-layout-flow wp-block-column-is-layout-flow\">\n<div class=\"wp-block-cover\"><img loading=\"lazy\" decoding=\"async\" width=\"1024\" height=\"1024\" class=\"wp-block-cover__image-background wp-image-281\" alt=\"\" src=\"https:\/\/em3dstudio.de\/wp-content\/uploads\/2025\/11\/image-6.jpg\" data-object-fit=\"cover\" srcset=\"https:\/\/em3dstudio.de\/wp-content\/uploads\/2025\/11\/image-6.jpg 1024w, https:\/\/em3dstudio.de\/wp-content\/uploads\/2025\/11\/image-6-300x300.jpg 300w, https:\/\/em3dstudio.de\/wp-content\/uploads\/2025\/11\/image-6-150x150.jpg 150w, https:\/\/em3dstudio.de\/wp-content\/uploads\/2025\/11\/image-6-768x768.jpg 768w, https:\/\/em3dstudio.de\/wp-content\/uploads\/2025\/11\/image-6-12x12.jpg 12w\" sizes=\"auto, (max-width: 1024px) 100vw, 1024px\" \/><span aria-hidden=\"true\" class=\"wp-block-cover__background has-background-dim\"><\/span><div class=\"wp-block-cover__inner-container is-layout-flow wp-block-cover-is-layout-flow\">\n<p class=\"has-text-align-center has-large-font-size\"><a href=\"https:\/\/em3dstudio.de\/en\/lernvideos\/\" data-type=\"page\" data-id=\"349\">Educational Videos<\/a><\/p>\n<\/div><\/div>\n<\/div>\n<\/div>\n\n\n\n<div class=\"wp-block-columns is-layout-flex wp-container-core-columns-is-layout-28f84493 wp-block-columns-is-layout-flex\">\n<div class=\"wp-block-column is-layout-flow wp-block-column-is-layout-flow\"><\/div>\n\n\n\n<div class=\"wp-block-column is-layout-flow wp-block-column-is-layout-flow\">\n<div class=\"wp-block-cover\"><img loading=\"lazy\" decoding=\"async\" width=\"1024\" height=\"1024\" class=\"wp-block-cover__image-background wp-image-283\" alt=\"\" src=\"https:\/\/em3dstudio.de\/wp-content\/uploads\/2025\/11\/image-7.jpg\" data-object-fit=\"cover\" srcset=\"https:\/\/em3dstudio.de\/wp-content\/uploads\/2025\/11\/image-7.jpg 1024w, https:\/\/em3dstudio.de\/wp-content\/uploads\/2025\/11\/image-7-300x300.jpg 300w, https:\/\/em3dstudio.de\/wp-content\/uploads\/2025\/11\/image-7-150x150.jpg 150w, https:\/\/em3dstudio.de\/wp-content\/uploads\/2025\/11\/image-7-768x768.jpg 768w, https:\/\/em3dstudio.de\/wp-content\/uploads\/2025\/11\/image-7-12x12.jpg 12w\" sizes=\"auto, (max-width: 1024px) 100vw, 1024px\" \/><span aria-hidden=\"true\" class=\"wp-block-cover__background has-background-dim\"><\/span><div class=\"wp-block-cover__inner-container is-layout-flow wp-block-cover-is-layout-flow\">\n<p class=\"has-text-align-center has-large-font-size\"><a href=\"https:\/\/em3dstudio.de\/en\/digitale-buecher\/\" data-type=\"page\" data-id=\"356\">Digital Books<\/a><\/p>\n<\/div><\/div>\n<\/div>\n\n\n\n<div class=\"wp-block-column is-layout-flow wp-block-column-is-layout-flow\"><\/div>\n<\/div>\n<\/div>","protected":false},"excerpt":{"rendered":"<p>Hier findet ihr alle unsere Projekte! Unsere Projekte spiegeln unsere Leidenschaft f\u00fcr 3D-Design und digitale Kreativit\u00e4t wieder.Hier findest du alles, was wir entwickeln, gestalten und ver\u00f6ffentlichen \u2013 \u00fcbersichtlich nach Kategorien [&hellip;]<\/p>\n","protected":false},"author":1,"featured_media":0,"parent":0,"menu_order":0,"comment_status":"closed","ping_status":"closed","template":"page-with-title","meta":{"_EventAllDay":false,"_EventTimezone":"","_EventStartDate":"","_EventEndDate":"","_EventStartDateUTC":"","_EventEndDateUTC":"","_EventShowMap":false,"_EventShowMapLink":false,"_EventURL":"","_EventCost":"","_EventCostDescription":"","_EventCurrencySymbol":"","_EventCurrencyCode":"","_EventCurrencyPosition":"","_EventDateTimeSeparator":"","_EventTimeRangeSeparator":"","_EventOrganizerID":[],"_EventVenueID":[],"_OrganizerEmail":"","_OrganizerPhone":"","_OrganizerWebsite":"","_VenueAddress":"","_VenueCity":"","_VenueCountry":"","_VenueProvince":"","_VenueState":"","_VenueZip":"","_VenuePhone":"","_VenueURL":"","_VenueStateProvince":"","_VenueLat":"","_VenueLng":"","_VenueShowMap":false,"_VenueShowMapLink":false,"footnotes":""},"class_list":["post-238","page","type-page","status-publish","hentry"],"_links":{"self":[{"href":"https:\/\/em3dstudio.de\/en\/wp-json\/wp\/v2\/pages\/238","targetHints":{"allow":["GET"]}}],"collection":[{"href":"https:\/\/em3dstudio.de\/en\/wp-json\/wp\/v2\/pages"}],"about":[{"href":"https:\/\/em3dstudio.de\/en\/wp-json\/wp\/v2\/types\/page"}],"author":[{"embeddable":true,"href":"https:\/\/em3dstudio.de\/en\/wp-json\/wp\/v2\/users\/1"}],"replies":[{"embeddable":true,"href":"https:\/\/em3dstudio.de\/en\/wp-json\/wp\/v2\/comments?post=238"}],"version-history":[{"count":55,"href":"https:\/\/em3dstudio.de\/en\/wp-json\/wp\/v2\/pages\/238\/revisions"}],"predecessor-version":[{"id":371,"href":"https:\/\/em3dstudio.de\/en\/wp-json\/wp\/v2\/pages\/238\/revisions\/371"}],"wp:attachment":[{"href":"https:\/\/em3dstudio.de\/en\/wp-json\/wp\/v2\/media?parent=238"}],"curies":[{"name":"wp","href":"https:\/\/api.w.org\/{rel}","templated":true}]}}