{"id":294,"date":"2025-11-04T14:37:47","date_gmt":"2025-11-04T14:37:47","guid":{"rendered":"https:\/\/em3dstudio.de\/?page_id=294"},"modified":"2025-11-06T02:41:45","modified_gmt":"2025-11-06T02:41:45","slug":"3d-modelle","status":"publish","type":"page","link":"https:\/\/em3dstudio.de\/en\/3d-modelle\/","title":{"rendered":"3D Models"},"content":{"rendered":"<p><a href=\"https:\/\/em3dstudio.de\/en\/unsere-projekte\/\" data-type=\"page\" data-id=\"238\">Back<\/a><\/p>\n\n\n\n<h2 class=\"wp-block-heading\">Our Projects<\/h2>\n\n\n\n<p>Discover the diversity of EbelMesh 3D Studio \u2013 here you can find all the areas we work on and where we regularly publish new content:<\/p>\n\n\n\n<p>High-quality assets in various levels of detail \u2013 from extreme low poly to high poly.<\/p>\n\n\n\n<p>Perfectly optimized for Blender, Unity, and Unreal Engine.<\/p>\n\n\n\n<div style=\"height:100px\" aria-hidden=\"true\" class=\"wp-block-spacer\"><\/div>\n\n\n\n<div class=\"wp-block-group has-global-padding is-layout-constrained wp-block-group-is-layout-constrained\">\n<div class=\"wp-block-columns is-layout-flex wp-container-core-columns-is-layout-28f84493 wp-block-columns-is-layout-flex\">\n<div class=\"wp-block-column is-layout-flow wp-block-column-is-layout-flow\">\n<div class=\"wp-block-cover\"><img loading=\"lazy\" decoding=\"async\" width=\"1024\" height=\"1024\" class=\"wp-block-cover__image-background wp-image-396\" alt=\"\" src=\"https:\/\/em3dstudio.de\/wp-content\/uploads\/2025\/11\/image-8.jpg\" data-object-fit=\"cover\" srcset=\"https:\/\/em3dstudio.de\/wp-content\/uploads\/2025\/11\/image-8.jpg 1024w, https:\/\/em3dstudio.de\/wp-content\/uploads\/2025\/11\/image-8-300x300.jpg 300w, https:\/\/em3dstudio.de\/wp-content\/uploads\/2025\/11\/image-8-150x150.jpg 150w, https:\/\/em3dstudio.de\/wp-content\/uploads\/2025\/11\/image-8-768x768.jpg 768w, https:\/\/em3dstudio.de\/wp-content\/uploads\/2025\/11\/image-8-12x12.jpg 12w\" sizes=\"auto, (max-width: 1024px) 100vw, 1024px\" \/><span aria-hidden=\"true\" class=\"wp-block-cover__background has-background-dim\"><\/span><div class=\"wp-block-cover__inner-container is-layout-flow wp-block-cover-is-layout-flow\">\n<p class=\"has-text-align-center has-large-font-size\"><a href=\"https:\/\/em3dstudio.de\/en\/moebel-innenausstattung\/\" data-type=\"page\" data-id=\"380\">Furniture &amp; Interior Design<\/a><\/p>\n<\/div><\/div>\n<\/div>\n\n\n\n<div class=\"wp-block-column is-layout-flow wp-block-column-is-layout-flow\">\n<div class=\"wp-block-cover\"><img loading=\"lazy\" decoding=\"async\" width=\"1024\" height=\"1024\" class=\"wp-block-cover__image-background wp-image-565\" alt=\"\" src=\"https:\/\/em3dstudio.de\/wp-content\/uploads\/2025\/11\/image-9.jpg\" data-object-fit=\"cover\" srcset=\"https:\/\/em3dstudio.de\/wp-content\/uploads\/2025\/11\/image-9.jpg 1024w, https:\/\/em3dstudio.de\/wp-content\/uploads\/2025\/11\/image-9-300x300.jpg 300w, https:\/\/em3dstudio.de\/wp-content\/uploads\/2025\/11\/image-9-150x150.jpg 150w, https:\/\/em3dstudio.de\/wp-content\/uploads\/2025\/11\/image-9-768x768.jpg 768w, https:\/\/em3dstudio.de\/wp-content\/uploads\/2025\/11\/image-9-12x12.jpg 12w\" sizes=\"auto, (max-width: 1024px) 100vw, 1024px\" \/><span aria-hidden=\"true\" class=\"wp-block-cover__background has-background-dim\"><\/span><div class=\"wp-block-cover__inner-container is-layout-flow wp-block-cover-is-layout-flow\">\n<p class=\"has-text-align-center has-large-font-size\"><a href=\"https:\/\/em3dstudio.de\/en\/gebaeude-architektur\/\" data-type=\"page\" data-id=\"431\">Buildings &amp; Architecture<\/a><\/p>\n<\/div><\/div>\n<\/div>\n\n\n\n<div class=\"wp-block-column is-layout-flow wp-block-column-is-layout-flow\">\n<div class=\"wp-block-cover\"><img loading=\"lazy\" decoding=\"async\" width=\"1024\" height=\"1024\" class=\"wp-block-cover__image-background wp-image-571\" alt=\"\" src=\"https:\/\/em3dstudio.de\/wp-content\/uploads\/2025\/11\/image-10.jpg\" data-object-fit=\"cover\" srcset=\"https:\/\/em3dstudio.de\/wp-content\/uploads\/2025\/11\/image-10.jpg 1024w, https:\/\/em3dstudio.de\/wp-content\/uploads\/2025\/11\/image-10-300x300.jpg 300w, https:\/\/em3dstudio.de\/wp-content\/uploads\/2025\/11\/image-10-150x150.jpg 150w, https:\/\/em3dstudio.de\/wp-content\/uploads\/2025\/11\/image-10-768x768.jpg 768w, https:\/\/em3dstudio.de\/wp-content\/uploads\/2025\/11\/image-10-12x12.jpg 12w\" sizes=\"auto, (max-width: 1024px) 100vw, 1024px\" \/><span aria-hidden=\"true\" class=\"wp-block-cover__background has-background-dim\"><\/span><div class=\"wp-block-cover__inner-container is-layout-flow wp-block-cover-is-layout-flow\">\n<p class=\"has-text-align-center has-large-font-size\"><a href=\"https:\/\/em3dstudio.de\/en\/natur-landschaft\/\" data-type=\"page\" data-id=\"435\">Nature &amp; Landscape<\/a><\/p>\n<\/div><\/div>\n<\/div>\n<\/div>\n\n\n\n<div class=\"wp-block-columns is-layout-flex wp-container-core-columns-is-layout-28f84493 wp-block-columns-is-layout-flex\">\n<div class=\"wp-block-column is-layout-flow wp-block-column-is-layout-flow\">\n<div class=\"wp-block-cover\"><img loading=\"lazy\" decoding=\"async\" width=\"1024\" height=\"1024\" class=\"wp-block-cover__image-background wp-image-576\" alt=\"\" src=\"https:\/\/em3dstudio.de\/wp-content\/uploads\/2025\/11\/image-11.jpg\" data-object-fit=\"cover\" srcset=\"https:\/\/em3dstudio.de\/wp-content\/uploads\/2025\/11\/image-11.jpg 1024w, https:\/\/em3dstudio.de\/wp-content\/uploads\/2025\/11\/image-11-300x300.jpg 300w, https:\/\/em3dstudio.de\/wp-content\/uploads\/2025\/11\/image-11-150x150.jpg 150w, https:\/\/em3dstudio.de\/wp-content\/uploads\/2025\/11\/image-11-768x768.jpg 768w, https:\/\/em3dstudio.de\/wp-content\/uploads\/2025\/11\/image-11-12x12.jpg 12w\" sizes=\"auto, (max-width: 1024px) 100vw, 1024px\" \/><span aria-hidden=\"true\" class=\"wp-block-cover__background has-background-dim\"><\/span><div class=\"wp-block-cover__inner-container is-layout-flow wp-block-cover-is-layout-flow\">\n<p class=\"has-text-align-center has-large-font-size\"><a href=\"https:\/\/em3dstudio.de\/en\/fahrzeuge-maschinen\/\" data-type=\"page\" data-id=\"438\">Vehicles &amp; Machinery<\/a><\/p>\n<\/div><\/div>\n<\/div>\n\n\n\n<div class=\"wp-block-column is-layout-flow wp-block-column-is-layout-flow\">\n<div class=\"wp-block-cover\"><img loading=\"lazy\" decoding=\"async\" width=\"1024\" height=\"1024\" class=\"wp-block-cover__image-background wp-image-582\" alt=\"\" src=\"https:\/\/em3dstudio.de\/wp-content\/uploads\/2025\/11\/image-12.jpg\" data-object-fit=\"cover\" srcset=\"https:\/\/em3dstudio.de\/wp-content\/uploads\/2025\/11\/image-12.jpg 1024w, https:\/\/em3dstudio.de\/wp-content\/uploads\/2025\/11\/image-12-300x300.jpg 300w, https:\/\/em3dstudio.de\/wp-content\/uploads\/2025\/11\/image-12-150x150.jpg 150w, https:\/\/em3dstudio.de\/wp-content\/uploads\/2025\/11\/image-12-768x768.jpg 768w, https:\/\/em3dstudio.de\/wp-content\/uploads\/2025\/11\/image-12-12x12.jpg 12w\" sizes=\"auto, (max-width: 1024px) 100vw, 1024px\" \/><span aria-hidden=\"true\" class=\"wp-block-cover__background has-background-dim\"><\/span><div class=\"wp-block-cover__inner-container is-layout-flow wp-block-cover-is-layout-flow\">\n<p class=\"has-text-align-center has-large-font-size\"><a href=\"https:\/\/em3dstudio.de\/en\/waffen-ausruestung\/\" data-type=\"page\" data-id=\"440\">Weapons &amp; Equipment<\/a><\/p>\n<\/div><\/div>\n<\/div>\n\n\n\n<div class=\"wp-block-column is-layout-flow wp-block-column-is-layout-flow\">\n<div class=\"wp-block-cover\"><img loading=\"lazy\" decoding=\"async\" width=\"1024\" height=\"1024\" class=\"wp-block-cover__image-background wp-image-587\" alt=\"\" src=\"https:\/\/em3dstudio.de\/wp-content\/uploads\/2025\/11\/image-13.jpg\" data-object-fit=\"cover\" srcset=\"https:\/\/em3dstudio.de\/wp-content\/uploads\/2025\/11\/image-13.jpg 1024w, https:\/\/em3dstudio.de\/wp-content\/uploads\/2025\/11\/image-13-300x300.jpg 300w, https:\/\/em3dstudio.de\/wp-content\/uploads\/2025\/11\/image-13-150x150.jpg 150w, https:\/\/em3dstudio.de\/wp-content\/uploads\/2025\/11\/image-13-768x768.jpg 768w, https:\/\/em3dstudio.de\/wp-content\/uploads\/2025\/11\/image-13-12x12.jpg 12w\" sizes=\"auto, (max-width: 1024px) 100vw, 1024px\" \/><span aria-hidden=\"true\" class=\"wp-block-cover__background has-background-dim\"><\/span><div class=\"wp-block-cover__inner-container is-layout-flow wp-block-cover-is-layout-flow\">\n<p class=\"has-text-align-center has-large-font-size\"><a href=\"https:\/\/em3dstudio.de\/en\/charaktere-kreaturen\/\" data-type=\"page\" data-id=\"444\">Characters &amp; Creatures<\/a><\/p>\n<\/div><\/div>\n<\/div>\n<\/div>\n\n\n\n<div class=\"wp-block-columns is-layout-flex wp-container-core-columns-is-layout-28f84493 wp-block-columns-is-layout-flex\">\n<div class=\"wp-block-column is-layout-flow wp-block-column-is-layout-flow\">\n<div class=\"wp-block-cover\"><img loading=\"lazy\" decoding=\"async\" width=\"1024\" height=\"1024\" class=\"wp-block-cover__image-background wp-image-593\" alt=\"\" src=\"https:\/\/em3dstudio.de\/wp-content\/uploads\/2025\/11\/image-14.jpg\" data-object-fit=\"cover\" srcset=\"https:\/\/em3dstudio.de\/wp-content\/uploads\/2025\/11\/image-14.jpg 1024w, https:\/\/em3dstudio.de\/wp-content\/uploads\/2025\/11\/image-14-300x300.jpg 300w, https:\/\/em3dstudio.de\/wp-content\/uploads\/2025\/11\/image-14-150x150.jpg 150w, https:\/\/em3dstudio.de\/wp-content\/uploads\/2025\/11\/image-14-768x768.jpg 768w, https:\/\/em3dstudio.de\/wp-content\/uploads\/2025\/11\/image-14-12x12.jpg 12w\" sizes=\"auto, (max-width: 1024px) 100vw, 1024px\" \/><span aria-hidden=\"true\" class=\"wp-block-cover__background has-background-dim\"><\/span><div class=\"wp-block-cover__inner-container is-layout-flow wp-block-cover-is-layout-flow\">\n<p class=\"has-text-align-center has-large-font-size\"><a href=\"https:\/\/em3dstudio.de\/en\/requisiten-props\/\" data-type=\"page\" data-id=\"449\">Props<\/a><\/p>\n<\/div><\/div>\n<\/div>\n\n\n\n<div class=\"wp-block-column is-layout-flow wp-block-column-is-layout-flow\">\n<div class=\"wp-block-cover\"><img loading=\"lazy\" decoding=\"async\" width=\"1024\" height=\"1024\" class=\"wp-block-cover__image-background wp-image-597\" alt=\"\" src=\"https:\/\/em3dstudio.de\/wp-content\/uploads\/2025\/11\/image-15.jpg\" data-object-fit=\"cover\" srcset=\"https:\/\/em3dstudio.de\/wp-content\/uploads\/2025\/11\/image-15.jpg 1024w, https:\/\/em3dstudio.de\/wp-content\/uploads\/2025\/11\/image-15-300x300.jpg 300w, https:\/\/em3dstudio.de\/wp-content\/uploads\/2025\/11\/image-15-150x150.jpg 150w, https:\/\/em3dstudio.de\/wp-content\/uploads\/2025\/11\/image-15-768x768.jpg 768w, https:\/\/em3dstudio.de\/wp-content\/uploads\/2025\/11\/image-15-12x12.jpg 12w\" sizes=\"auto, (max-width: 1024px) 100vw, 1024px\" \/><span aria-hidden=\"true\" class=\"wp-block-cover__background has-background-dim\"><\/span><div class=\"wp-block-cover__inner-container is-layout-flow wp-block-cover-is-layout-flow\">\n<p class=\"has-text-align-center has-large-font-size\"><a href=\"https:\/\/em3dstudio.de\/en\/technische-industrielle-assets\/\" data-type=\"page\" data-id=\"451\">Technical &amp; Industrial Assets<\/a><\/p>\n<\/div><\/div>\n<\/div>\n\n\n\n<div class=\"wp-block-column is-layout-flow wp-block-column-is-layout-flow\">\n<div class=\"wp-block-cover\"><img loading=\"lazy\" decoding=\"async\" width=\"1024\" height=\"1024\" class=\"wp-block-cover__image-background wp-image-601\" alt=\"\" src=\"https:\/\/em3dstudio.de\/wp-content\/uploads\/2025\/11\/image-16.jpg\" data-object-fit=\"cover\" srcset=\"https:\/\/em3dstudio.de\/wp-content\/uploads\/2025\/11\/image-16.jpg 1024w, https:\/\/em3dstudio.de\/wp-content\/uploads\/2025\/11\/image-16-300x300.jpg 300w, https:\/\/em3dstudio.de\/wp-content\/uploads\/2025\/11\/image-16-150x150.jpg 150w, https:\/\/em3dstudio.de\/wp-content\/uploads\/2025\/11\/image-16-768x768.jpg 768w, https:\/\/em3dstudio.de\/wp-content\/uploads\/2025\/11\/image-16-12x12.jpg 12w\" sizes=\"auto, (max-width: 1024px) 100vw, 1024px\" \/><span aria-hidden=\"true\" class=\"wp-block-cover__background has-background-dim\"><\/span><div class=\"wp-block-cover__inner-container is-layout-flow wp-block-cover-is-layout-flow\">\n<p class=\"has-text-align-center has-large-font-size\"><a href=\"https:\/\/em3dstudio.de\/en\/bauteile-modular-packs\/\" data-type=\"page\" data-id=\"455\">Components &amp; Modular Packs<\/a><\/p>\n<\/div><\/div>\n<\/div>\n<\/div>\n\n\n\n<div class=\"wp-block-columns is-layout-flex wp-container-core-columns-is-layout-28f84493 wp-block-columns-is-layout-flex\">\n<div class=\"wp-block-column is-layout-flow wp-block-column-is-layout-flow\"><\/div>\n\n\n\n<div class=\"wp-block-column is-layout-flow wp-block-column-is-layout-flow\">\n<div class=\"wp-block-cover\"><img loading=\"lazy\" decoding=\"async\" width=\"1024\" height=\"1024\" class=\"wp-block-cover__image-background wp-image-608\" alt=\"\" src=\"https:\/\/em3dstudio.de\/wp-content\/uploads\/2025\/11\/image-17.jpg\" style=\"object-position:50% 100%\" data-object-fit=\"cover\" data-object-position=\"50% 100%\" srcset=\"https:\/\/em3dstudio.de\/wp-content\/uploads\/2025\/11\/image-17.jpg 1024w, https:\/\/em3dstudio.de\/wp-content\/uploads\/2025\/11\/image-17-300x300.jpg 300w, https:\/\/em3dstudio.de\/wp-content\/uploads\/2025\/11\/image-17-150x150.jpg 150w, https:\/\/em3dstudio.de\/wp-content\/uploads\/2025\/11\/image-17-768x768.jpg 768w, https:\/\/em3dstudio.de\/wp-content\/uploads\/2025\/11\/image-17-12x12.jpg 12w\" sizes=\"auto, (max-width: 1024px) 100vw, 1024px\" \/><span aria-hidden=\"true\" class=\"wp-block-cover__background has-background-dim\"><\/span><div class=\"wp-block-cover__inner-container is-layout-flow wp-block-cover-is-layout-flow\">\n<p class=\"has-text-align-center has-large-font-size\"><a href=\"https:\/\/em3dstudio.de\/en\/sammlungen-asset-packs\/\" data-type=\"page\" data-id=\"457\">Collections &amp; Asset Packs<\/a><\/p>\n<\/div><\/div>\n<\/div>\n\n\n\n<div class=\"wp-block-column is-layout-flow wp-block-column-is-layout-flow\"><\/div>\n<\/div>\n<\/div>","protected":false},"excerpt":{"rendered":"<p>Zur\u00fcck Unsere Projekte Entdecke die Vielfalt von EbelMesh 3D Studio \u2013 hier findest du alle Bereiche, an denen wir arbeiten und regelm\u00e4\u00dfig neue Inhalte ver\u00f6ffentlichen: Hochwertige Assets in verschiedenen Detailstufen [&hellip;]<\/p>\n","protected":false},"author":1,"featured_media":0,"parent":0,"menu_order":0,"comment_status":"closed","ping_status":"closed","template":"page-with-title","meta":{"_EventAllDay":false,"_EventTimezone":"","_EventStartDate":"","_EventEndDate":"","_EventStartDateUTC":"","_EventEndDateUTC":"","_EventShowMap":false,"_EventShowMapLink":false,"_EventURL":"","_EventCost":"","_EventCostDescription":"","_EventCurrencySymbol":"","_EventCurrencyCode":"","_EventCurrencyPosition":"","_EventDateTimeSeparator":"","_EventTimeRangeSeparator":"","_EventOrganizerID":[],"_EventVenueID":[],"_OrganizerEmail":"","_OrganizerPhone":"","_OrganizerWebsite":"","_VenueAddress":"","_VenueCity":"","_VenueCountry":"","_VenueProvince":"","_VenueState":"","_VenueZip":"","_VenuePhone":"","_VenueURL":"","_VenueStateProvince":"","_VenueLat":"","_VenueLng":"","_VenueShowMap":false,"_VenueShowMapLink":false,"footnotes":""},"class_list":["post-294","page","type-page","status-publish","hentry"],"_links":{"self":[{"href":"https:\/\/em3dstudio.de\/en\/wp-json\/wp\/v2\/pages\/294","targetHints":{"allow":["GET"]}}],"collection":[{"href":"https:\/\/em3dstudio.de\/en\/wp-json\/wp\/v2\/pages"}],"about":[{"href":"https:\/\/em3dstudio.de\/en\/wp-json\/wp\/v2\/types\/page"}],"author":[{"embeddable":true,"href":"https:\/\/em3dstudio.de\/en\/wp-json\/wp\/v2\/users\/1"}],"replies":[{"embeddable":true,"href":"https:\/\/em3dstudio.de\/en\/wp-json\/wp\/v2\/comments?post=294"}],"version-history":[{"count":94,"href":"https:\/\/em3dstudio.de\/en\/wp-json\/wp\/v2\/pages\/294\/revisions"}],"predecessor-version":[{"id":616,"href":"https:\/\/em3dstudio.de\/en\/wp-json\/wp\/v2\/pages\/294\/revisions\/616"}],"wp:attachment":[{"href":"https:\/\/em3dstudio.de\/en\/wp-json\/wp\/v2\/media?parent=294"}],"curies":[{"name":"wp","href":"https:\/\/api.w.org\/{rel}","templated":true}]}}